{"id":897,"date":"2018-05-28T12:52:39","date_gmt":"2018-05-28T10:52:39","guid":{"rendered":"https:\/\/anele.org\/?page_id=897"},"modified":"2020-10-14T13:38:51","modified_gmt":"2020-10-14T11:38:51","slug":"politica-de-privacidad","status":"publish","type":"page","link":"https:\/\/anele.org\/ga\/politica-de-privacidad","title":{"rendered":"Pol\u00edtica de privacidad"},"content":{"rendered":"[vc_row type=&#8221;in_container&#8221; full_screen_row_position=&#8221;middle&#8221; scene_position=&#8221;center&#8221; text_color=&#8221;dark&#8221; text_align=&#8221;left&#8221; overlay_strength=&#8221;0.3&#8243; shape_divider_position=&#8221;bottom&#8221; bg_image_animation=&#8221;none&#8221;][vc_column column_padding=&#8221;no-extra-padding&#8221; column_padding_position=&#8221;all&#8221; background_color_opacity=&#8221;1&#8243; background_hover_color_opacity=&#8221;1&#8243; column_link_target=&#8221;_self&#8221; column_shadow=&#8221;none&#8221; column_border_radius=&#8221;none&#8221; width=&#8221;1\/1&#8243; tablet_width_inherit=&#8221;default&#8221; tablet_text_alignment=&#8221;default&#8221; phone_text_alignment=&#8221;default&#8221; column_border_width=&#8221;none&#8221; column_border_style=&#8221;solid&#8221; bg_image_animation=&#8221;none&#8221;][vc_column_text]<strong>Tu privacidad nos importa. <\/strong>En ASOCIACI\u00d3N NACIONAL DE EDITORES DE LIBROS Y MATERIAL DE ENSE\u00d1ANZA, como responsables de esta web, quiero ofrecerte las mayores garant\u00edas legales en relaci\u00f3n con tu privacidad y explicarte con la mayor claridad y transparencia posible, todo lo que consiente al tratamiento de informaci\u00f3n personal dentro de esta web. Esta pol\u00edtica de privacidad ha sido actualizada por \u00faltima vez el 13\/10\/2020.<\/p>\n<p>La presente Pol\u00edtica de Privacidad pretende ser una segunda capa de informaci\u00f3n o adicional a la solicitada por otras v\u00edas, siendo v\u00e1lida para los datos de car\u00e1cter personal obtenidos en el Sitio Web, no siendo aplicable para aquella informaci\u00f3n recabada por terceros en otras p\u00e1ginas web, incluso si \u00e9stas se encuentran enlazadas por el Sitio Web.<\/p>\n<p>ASOCIACI\u00d3N NACIONAL DE EDITORES DE LIBROS Y MATERIAL DE ENSE\u00d1ANZA ha adecuado esta web a las exigencias de la Ley Org\u00e1nica 3\/2018, de 5 de diciembre, de Protecci\u00f3n de Datos de Car\u00e1cter Personal y Garant\u00eda de los Derechos Digitales (LOPDGDD o nueva LOPD), y cumple tambi\u00e9n con el Reglamento (UE) 2016\/679 del Parlamento Europeo y del Consejo de 27 de abril de 2016 relativo a la protecci\u00f3n de las personas f\u00edsicas (RGPD), as\u00ed como con la Ley 34\/2002, de 11 de julio, de Servicios de la Sociedad de la Informaci\u00f3n y Comercio Electr\u00f3nico (LSSICE)..<\/p>\n<h3>1. \u00bfQui\u00e9n es el responsable de sus datos?<\/h3>\n<ul>\n<li>Denominaci\u00f3n social: ASOCIACI\u00d3N NACIONAL DE EDITORES DE LIBROS Y MATERIAL DE ENSE\u00d1ANZA (ANELE)<\/li>\n<li>CIF\/NIF: G-28561694<\/li>\n<li>Asociaci\u00f3n sin \u00e1nimo de lucro, inscrita en el Registro de Asociaciones con n\u00famero de expediente 1.246 publicado en el B.O.E. n\u00ba 53 de fecha 7 de marzo de 1978<\/li>\n<li>Correo electr\u00f3nico: <a href=\"mailto:anele@anele.org\">anele@anele.org<\/a> Tel\u00e9fono: 91 533 44 67 \/ 91 534 10 23 | fax. 91 534 10 23<\/li>\n<li>Domicilio social: C\/ Santiago Rusi\u00f1ol n\u00ba 8, Madrid 28040<\/li>\n<\/ul>\n<h3>2. C\u00f3mo hemos obtenido tus datos?<\/h3>\n<p>Los datos personales que tratamos en ANELE proceden de:<\/p>\n<ul>\n<li>Formulario de contacto<\/li>\n<li>Usuarios de redes sociales que se pongan en contacto<\/li>\n<li>Como Asociado<\/li>\n<\/ul>\n<p>En ANELE no tratamos datos especialmente sensibles, \u00fanicamente los m\u00ednimos necesarios para proporcionar el servicio contratado o solicitado. Entre la informaci\u00f3n personal que solicitamos y procesamos se incluyen los siguientes datos:<\/p>\n<ul>\n<li>Nombre, apellidos y direcci\u00f3n postal, direcci\u00f3n de correo electr\u00f3nico y n\u00famero de tel\u00e9fono; y los derivados de los servicios al Asociado.<\/li>\n<li>Datos transaccionales, respecto a los servicios facilitados y bancarios para el pago de nuestros Asociados.<\/li>\n<\/ul>\n<h3>3. \u00bfCon qu\u00e9 finalidad tratamos sus datos personales?<\/h3>\n<p>En ANELE tratamos la informaci\u00f3n que nos facilitan las personas interesadas con las siguientes finalidades:<\/p>\n<ul>\n<li><strong>Contacto<\/strong>. Ponernos en contacto con usted, bien telef\u00f3nicamente o v\u00eda e-mail, o responder a las preguntas que nos haga a trav\u00e9s de nuestra Web. En todos los casos se usar\u00e1 la direcci\u00f3n de email para responderle.<\/li>\n<li><strong>Asociado. <\/strong>Realizar la gesti\u00f3n informativa, administrativa, contable y fiscal, y la derivada de los servicios<\/li>\n<li><\/li>\n<\/ul>\n<p>Existen otras finalidades por la que tratamos tus datos personales:<\/p>\n<ul>\n<li>Para garantizar el cumplimiento de las condiciones de uso y la ley aplicable. Esto puede incluir el desarrollo de herramientas y algoritmos que ayudan a esta web a garantizar la confidencialidad de los datos personales que recoge.<\/li>\n<li>Para apoyar y mejorar los servicios que ofrece esta web.<\/li>\n<li>Tambi\u00e9n se recogen otros datos no identificativos que se obtienen mediante algunas cookies que se descargan en el ordenador del usuario cuando navega en esta web que detallamos en la\u00a0pol\u00edtica de cookies.<\/li>\n<li>Para gestionar las redes sociales en las que\u00a0ANELE tenga presencia. El tratamiento de los datos que se lleve a cabo de las personas que se hagan seguidoras en las redes sociales de las p\u00e1ginas oficiales de ANELE, se regir\u00e1 por este apartado. As\u00ed como por aquellas condiciones de uso, pol\u00edticas de privacidad y normativas de acceso que pertenezcan a la red social que proceda en cada caso y aceptadas previamente por el usuario.\u00a0ANELE \u00a0tratar\u00e1 sus datos con las finalidades de administrar correctamente su presencia en la red social, inform\u00e1ndole de nuestras actividades, productos o servicios, as\u00ed como para cualquier otra finalidad que las normativas de las redes sociales permitan.<\/li>\n<\/ul>\n<p>En ning\u00fan caso utilizaremos los perfiles de seguidores en redes sociales para enviar publicidad de manera individual. ANELE \u00a0no vende, alquila ni cede datos de car\u00e1cter personal que puedan identificar al usuario, ni lo har\u00e1 en el futuro, a terceros sin el consentimiento previo.<\/p>\n<h4>Exactitud y veracidad de los datos<\/h4>\n<p>Como usuario, eres el \u00fanico responsable de la veracidad y correcci\u00f3n de los datos que nos remitas exonerando a ANELE de cualquier responsabilidad al respecto. El usuario garantiza y responde, en cualquier caso, de la exactitud, vigencia y autenticidad de los datos personales facilitados, comprometi\u00e9ndose a mantenerlos debidamente actualizados.<\/p>\n<h4>Aceptaci\u00f3n y consentimiento<\/h4>\n<p>El Usuario declara haber sido informado de las condiciones sobre protecci\u00f3n de datos de car\u00e1cter personal, aceptando y consintiendo el tratamiento de los mismos por parte de ANELE en la forma y para las finalidades indicadas en esta pol\u00edtica de privacidad.<\/p>\n<h4>Correos comerciales<\/h4>\n<p>De acuerdo con la LSSICE, ANELE no realiza pr\u00e1cticas de SPAM, por lo que no env\u00eda correos comerciales por v\u00eda electr\u00f3nica que no hayan sido previamente solicitados o autorizados por el Usuario. En consecuencia, en cada uno de los formularios habidos en la web, el Usuario tiene la posibilidad de dar su consentimiento expreso para recibir el bolet\u00edn, cuya comunicaci\u00f3n estar\u00e1 debidamente identificada, con independencia de la informaci\u00f3n comercial puntualmente solicitada.<\/p>\n<h3>4. \u00bfPor cu\u00e1nto tiempo conservaremos sus datos?<\/h3>\n<p>Si Usted es Asociado o cliente de ANELE sus datos se conservar\u00e1n durante la vigencia de la relaci\u00f3n contractual. Si han sido recabados para su suscripci\u00f3n, se conservar\u00e1n hasta que usted se de de baja o se suprima el servicio, o si han sido facilitados mediante nuestro formulario de contacto o el email de contacto, cuando finalice el motivo del mismo. <strong>No aceptamos el env\u00edo de CV de manera espont\u00e1nea a nuestro email, los eliminaremos.<\/strong><\/p>\n<p>Una vez finalizado el contrato, ANELE mantendr\u00e1 sus datos personales bloqueados durante los plazos de prescripci\u00f3n legal. Transcurridos los plazos de prescripci\u00f3n legal destruiremos sus datos.<\/p>\n<h3>5. \u00bfCu\u00e1l es la legitimaci\u00f3n para el tratamiento de sus datos?<\/h3>\n<p>La base legal para el tratamiento de sus datos es nuestra relaci\u00f3n contractual necesaria para la prestaci\u00f3n de servicios como cliente o asociado, o su consentimiento y por ello se lo solicitaremos en los casos necesarios.<\/p>\n<p>La base legal para el tratamiento de sus datos facilitados como usuario que contacte en nuestro formulario o para el env\u00edo de boletines informativos y comerciales o para inscribirse o participar en alguna actividad o evento que realizamos o promovemos es su consentimiento.<\/p>\n<p><strong>Revocabilidad. <\/strong>El consentimiento prestado es revocable en cualquier momento comunic\u00e1ndolo a ANELE en los t\u00e9rminos establecidos en esta Pol\u00edtica para el ejercicio de los derechos. Revocaci\u00f3n que no tendr\u00e1 car\u00e1cter retroactivo.<\/p>\n<h3>6. Navegaci\u00f3n<\/h3>\n<p>Al navegar por\u00a0la web\u00a0se pueden recoger datos no identificables, que pueden incluir, direcciones IP, ubicaci\u00f3n geogr\u00e1fica (aproximadamente), un registro de c\u00f3mo se utilizan nuestros servicios y sitios, y otros datos que no pueden ser utilizados para identificar al usuario. Entre los datos no identificativos est\u00e1n tambi\u00e9n los relacionados a tus h\u00e1bitos de navegaci\u00f3n a trav\u00e9s de servicios de terceros detallados en el apartado<a href=\"https:\/\/anele.org\/politica-de-cookies\/\"> Cookies<\/a><\/p>\n<p>Utilizamos esta informaci\u00f3n para analizar tendencias, administrar el sitio, rastrear los movimientos de los usuarios alrededor del sitio y para recopilar informaci\u00f3n demogr\u00e1fica sobre nuestra base de usuarios en su conjunto.<\/p>\n<h3>7. Secreto y seguridad de los datos<\/h3>\n<p>ANELE se compromete en el uso y tratamiento de los datos incluidos personales de los usuarios, respetando su confidencialidad y a utilizarlos de acuerdo con la finalidad del mismo, as\u00ed como a dar cumplimiento a su obligaci\u00f3n de guardarlos y adaptar todas las medidas para evitar la alteraci\u00f3n, p\u00e9rdida, tratamiento o acceso no autorizado (C\u00f3mo los protocolos Https que usamos), de conformidad con lo establecido en la normativa vigente de protecci\u00f3n de datos.<\/p>\n<p>ANELE\u00a0no puede garantizar la absoluta inexpugnabilidad de la red Internet y por tanto la violaci\u00f3n de los datos mediante accesos fraudulentos a ellos por parte de terceros.<\/p>\n<h4>Confidencialidad del procesamiento<\/h4>\n<p>ANELE\u00a0se asegurar\u00e1 de que cualquier persona que est\u00e9 autorizada por nuestra empresa para procesar los Datos del Asociado, Cliente o Usuario (incluido su personal, colaboradores y prestadores) estar\u00e1 bajo la obligaci\u00f3n apropiada de confidencialidad (ya sea un deber contractual o legal).<\/p>\n<h4>Respuesta ante un incidente de seguridad<\/h4>\n<p>Al darse cuenta de un Incidente de Seguridad, ANELE deber\u00e1 notificar al Cliente o Usuario sin demoras indebidas y deber\u00e1 proporcionar informaci\u00f3n oportuna relacionada con el Incidente de Seguridad tal como se conozca o cuando el Cliente o Usuario lo solicite razonablemente.<\/p>\n<h3>8. \u00bfA qu\u00e9 destinatarios se comunicar\u00e1n sus datos?<\/h3>\n<p>La Web de ANELE puede dar acceso a otras Webs, incluidas perfiles oficiales de ANELE en Redes Sociales, inform\u00e1ndole que al pulsar en dichos enlaces ser\u00e1 re direccionado a una p\u00e1gina respecto de la cual ANELE no es responsable. Usted debe ser consciente que los propietarios de estas Webs externas a ANELE pueden recoger, utilizar o transferir sus Datos Personales bajo condiciones y t\u00e9rminos diferentes, recomend\u00e1ndole que cuando contacte con una de estas Webs, se informe de su pol\u00edtica de privacidad, condiciones de uso general o del uso que pueden dar a sus cookies pues no podemos controlar la forma en que esas Webs usan la informaci\u00f3n personal que usted divulga.<\/p>\n<p>ANELE, le comunica que realizar\u00e1 encargos de tratamientos a terceros conforme al RGPD, exigiendo por parte del encargado el cumplimiento de todas las garant\u00edas de protecci\u00f3n de datos. Todas las utilidades ofrecidas por terceros son estrictamente necesarias para el desarrollo de nuestros servicios y han sido seleccionados\u00a0atendiendo al cumplimiento de los derechos legales que preservamos. Dichas empresas tendr\u00e1n acceso a la informaci\u00f3n personal necesaria para realizar sus funciones como encargados de tratamiento, pero no podr\u00e1n utilizarla para otros fines. Adem\u00e1s, deber\u00e1n tratar la informaci\u00f3n personal de conformidad con la presente Pol\u00edtica de Privacidad y la legislaci\u00f3n aplicable en materia de protecci\u00f3n de datos.<\/p>\n<h3>9. \u00bfCu\u00e1les son sus derechos cuando nos facilita sus datos?<\/h3>\n<p>Puede ejercer de manera gratuita los derechos que le confiere el RGPD.<\/p>\n<p>Usted tiene derecho a revocar el consentimiento, solicitar el acceso a los datos personales que le conciernen, a solicitar su rectificaci\u00f3n o supresi\u00f3n, a solicitar la limitaci\u00f3n de su tratamiento, a oponerse a su tratamiento (si hay inter\u00e9s p\u00fablico o inter\u00e9s leg\u00edtimo) y\/o el derecho de portabilidad. En todos los casos podr\u00e1 ejercer sus derechos dirigiendo un escrito a la direcci\u00f3n incluida en el apartado de \u201cResponsable del Tratamiento\u201d o por correo electr\u00f3nico a rgpd@anele.org indicando la referencia \u201cProtecci\u00f3n de Datos\u201d. En la solicitud debe constar: Nombre, apellidos y fotocopia de tu DNI, petici\u00f3n en la que se concreta tu solicitud y domicilio a efectos de notificaciones. Cualquier persona puede presentar una reclamaci\u00f3n ante la Agencia Espa\u00f1ola de Protecci\u00f3n de Datos a trav\u00e9s de la web <a href=\"http:\/\/www.agpd.es\">www.agpd.es<\/a> \u00a0en caso de considerar que sus derechos no han sido satisfechos[\/vc_column_text][\/vc_column][\/vc_row]","protected":false},"excerpt":{"rendered":"<p>[vc_row type=&#8221;in_container&#8221; full_screen_row_position=&#8221;middle&#8221; scene_position=&#8221;center&#8221; text_color=&#8221;dark&#8221; text_align=&#8221;left&#8221; overlay_strength=&#8221;0.3&#8243; shape_divider_position=&#8221;bottom&#8221; bg_image_animation=&#8221;none&#8221;][vc_column column_padding=&#8221;no-extra-padding&#8221; column_padding_position=&#8221;all&#8221; background_color_opacity=&#8221;1&#8243; background_hover_color_opacity=&#8221;1&#8243; column_link_target=&#8221;_self&#8221; column_shadow=&#8221;none&#8221; column_border_radius=&#8221;none&#8221; width=&#8221;1\/1&#8243; tablet_width_inherit=&#8221;default&#8221; tablet_text_alignment=&#8221;default&#8221; phone_text_alignment=&#8221;default&#8221; column_border_width=&#8221;none&#8221; column_border_style=&#8221;solid&#8221; bg_image_animation=&#8221;none&#8221;][vc_column_text]Tu privacidad nos importa. En ASOCIACI\u00d3N NACIONAL DE&#8230;<\/p>\n","protected":false},"author":1,"featured_media":0,"parent":0,"menu_order":0,"comment_status":"closed","ping_status":"closed","template":"","meta":{"footnotes":""},"class_list":["post-897","page","type-page","status-publish"],"aioseo_notices":[],"_links":{"self":[{"href":"https:\/\/anele.org\/ga\/wp-json\/wp\/v2\/pages\/897","targetHints":{"allow":["GET"]}}],"collection":[{"href":"https:\/\/anele.org\/ga\/wp-json\/wp\/v2\/pages"}],"about":[{"href":"https:\/\/anele.org\/ga\/wp-json\/wp\/v2\/types\/page"}],"author":[{"embeddable":true,"href":"https:\/\/anele.org\/ga\/wp-json\/wp\/v2\/users\/1"}],"replies":[{"embeddable":true,"href":"https:\/\/anele.org\/ga\/wp-json\/wp\/v2\/comments?post=897"}],"version-history":[{"count":7,"href":"https:\/\/anele.org\/ga\/wp-json\/wp\/v2\/pages\/897\/revisions"}],"predecessor-version":[{"id":1747,"href":"https:\/\/anele.org\/ga\/wp-json\/wp\/v2\/pages\/897\/revisions\/1747"}],"wp:attachment":[{"href":"https:\/\/anele.org\/ga\/wp-json\/wp\/v2\/media?parent=897"}],"curies":[{"name":"wp","href":"https:\/\/api.w.org\/{rel}","templated":true}]}}